{"id":88,"date":"2021-04-08T10:49:06","date_gmt":"2021-04-08T10:49:06","guid":{"rendered":"https:\/\/ced.fst-usmba.ac.ma\/p\/mjaga\/?page_id=88"},"modified":"2026-04-26T12:08:18","modified_gmt":"2026-04-26T12:08:18","slug":"articles-in-press","status":"publish","type":"page","link":"https:\/\/ced.fst-usmba.ac.ma\/p\/mjaga\/articles-in-press\/","title":{"rendered":"Articles in press"},"content":{"rendered":"\n<p id=\"block-8aa87998-31ec-4898-bd4e-dc6c9a91b5eb\"><\/p>\n\n\n\n<div class=\"wp-block-group\"><div class=\"wp-block-group__inner-container is-layout-flow wp-block-group-is-layout-flow\">\n<div style=\"height:7px\" aria-hidden=\"true\" class=\"wp-block-spacer\"><\/div>\n<\/div><\/div>\n\n\n\n<div class=\"wp-block-columns is-layout-flex wp-container-core-columns-is-layout-9d6595d7 wp-block-columns-is-layout-flex\">\n<div class=\"wp-block-column is-layout-flow wp-block-column-is-layout-flow\"><\/div>\n<\/div>\n\n\n\n<figure class=\"wp-block-table\"><table><tbody><tr><td>Younes El Haddaoui and Hwankoo Kim<br><span><b>&#8220;<\/b><\/span><strong>On J-Noetherian modules and J-coherent modules&#8221;<\/strong><br>Accepted June 01, 2025 (<a href=\"https:\/\/ced.fst-usmba.ac.ma\/p\/mjaga\/wp-content\/uploads\/2025\/07\/ELHaddaoui_Kim_MJAGA.pdf\" data-type=\"link\" data-id=\"https:\/\/ced.fst-usmba.ac.ma\/p\/mjaga\/wp-content\/uploads\/2025\/07\/ELHaddaoui_Kim_MJAGA.pdf\">pdf<\/a>)<\/td><\/tr><\/tbody><\/table><\/figure>\n\n\n\n<figure class=\"wp-block-table\"><table><tbody><tr><td>David E. Dobbs<br><span><b>&#8220;<\/b><\/span><strong>A going-down theoretic proof that straight domains are locally divided&#8221;<\/strong><br>Accepted June 06, 2025 (<a href=\"https:\/\/ced.fst-usmba.ac.ma\/p\/mjaga\/wp-content\/uploads\/2025\/07\/Dobbs_MJAGA-3.pdf\" data-type=\"link\" data-id=\"https:\/\/ced.fst-usmba.ac.ma\/p\/mjaga\/wp-content\/uploads\/2025\/07\/Dobbs_MJAGA-3.pdf\">pdf<\/a>)<\/td><\/tr><\/tbody><\/table><\/figure>\n\n\n\n<figure class=\"wp-block-table\"><table><tbody><tr><td>Bienvenu Roland Bassiloua and Norbert Mahoungou Moukala<br><span><b>&#8220;<\/b><\/span><strong>Canonical solution of universal problem for the prolongation of algebra by a local algebra&#8221;<\/strong><br>Accepted June 10, 2025 (<a href=\"https:\/\/ced.fst-usmba.ac.ma\/p\/mjaga\/wp-content\/uploads\/2025\/07\/BassilouaMoukala1_MJAGA.pdf\" data-type=\"link\" data-id=\"https:\/\/ced.fst-usmba.ac.ma\/p\/mjaga\/wp-content\/uploads\/2025\/07\/BassilouaMoukala1_MJAGA.pdf\">pdf<\/a>)<\/td><\/tr><\/tbody><\/table><\/figure>\n\n\n\n<figure class=\"wp-block-table\"><table><tbody><tr><td>Mohammed Assalami, Ayoub Kharbouch and Hwankoo Kim<br><span><b>&#8220;<\/b><\/span><strong>On S-(m,n)-absorbing ideals and S-(m,n)-absorbing prime ideals of commutative rings&#8221;<\/strong><br>Accepted June 24, 2025 (<a href=\"https:\/\/ced.fst-usmba.ac.ma\/p\/mjaga\/wp-content\/uploads\/2025\/07\/AssalamiKharbouchKim_MJAGA-1.pdf\" data-type=\"link\" data-id=\"https:\/\/ced.fst-usmba.ac.ma\/p\/mjaga\/wp-content\/uploads\/2025\/07\/AssalamiKharbouchKim_MJAGA-1.pdf\">pdf<\/a>)<\/td><\/tr><\/tbody><\/table><\/figure>\n\n\n\n<figure class=\"wp-block-table\"><table><tbody><tr><td>Samir Guesmi<br><span><b>&#8220;<\/b><\/span><strong>Graded S-r-ideals&#8221;<\/strong><br>Accepted June 28, 2025 (<a href=\"https:\/\/ced.fst-usmba.ac.ma\/p\/mjaga\/wp-content\/uploads\/2025\/07\/Guesmi_MJAGA-3.pdf\" data-type=\"link\" data-id=\"https:\/\/ced.fst-usmba.ac.ma\/p\/mjaga\/wp-content\/uploads\/2025\/07\/Guesmi_MJAGA-3.pdf\">pdf<\/a>)<\/td><\/tr><\/tbody><\/table><\/figure>\n\n\n\n<figure class=\"wp-block-table\"><table><tbody><tr><td>Ashok V. Bingi<br><span><b>&#8220;<\/b><\/span><strong>Revisiting 1-absorbing prime elements in multiplicative lattices&#8221;<\/strong><br>Accepted July 12, 2025 (<a href=\"https:\/\/ced.fst-usmba.ac.ma\/p\/mjaga\/wp-content\/uploads\/2025\/07\/Bingi_MJAGA-2.pdf\" data-type=\"link\" data-id=\"https:\/\/ced.fst-usmba.ac.ma\/p\/mjaga\/wp-content\/uploads\/2025\/07\/Bingi_MJAGA-2.pdf\">pdf<\/a>)<\/td><\/tr><\/tbody><\/table><\/figure>\n\n\n\n<figure class=\"wp-block-table\"><table><tbody><tr><td>H. Azadi Kenary<br><span><b>&#8220;<\/b><\/span><strong>Positive-additive Nearly functional equation in C\u2217-algebras by two approaches&#8221;<\/strong><br>Accepted July 17, 2025 (<a href=\"https:\/\/ced.fst-usmba.ac.ma\/p\/mjaga\/wp-content\/uploads\/2025\/07\/Kenary_MJAGA-4.pdf\" data-type=\"link\" data-id=\"https:\/\/ced.fst-usmba.ac.ma\/p\/mjaga\/wp-content\/uploads\/2025\/07\/Kenary_MJAGA-4.pdf\">pdf<\/a>)<\/td><\/tr><\/tbody><\/table><\/figure>\n\n\n\n<figure class=\"wp-block-table\"><table><tbody><tr><td>Rabia Nagehan \u00dcregen<br><span><b>&#8220;<\/b><\/span><strong>A new class of graded prime ideals&#8221;<\/strong><br>Accepted July 30, 2025 (<a href=\"https:\/\/ced.fst-usmba.ac.ma\/p\/mjaga\/wp-content\/uploads\/2025\/07\/Uregen_MJAGA.pdf\" data-type=\"link\" data-id=\"https:\/\/ced.fst-usmba.ac.ma\/p\/mjaga\/wp-content\/uploads\/2025\/07\/Uregen_MJAGA.pdf\">pdf<\/a>)<\/td><\/tr><\/tbody><\/table><\/figure>\n\n\n\n<figure class=\"wp-block-table\"><table><tbody><tr><td>Surya Prakash and Ajim Uddin Ansari<br><span><b>&#8220;<\/b><\/span><strong>Isosimple N-injective modules&#8221;<\/strong><br>Accepted August 23, 2025 (<a href=\"https:\/\/ced.fst-usmba.ac.ma\/p\/mjaga\/wp-content\/uploads\/2025\/08\/PrakashAnsari_MJAGA-1.pdf\" data-type=\"link\" data-id=\"https:\/\/ced.fst-usmba.ac.ma\/p\/mjaga\/wp-content\/uploads\/2025\/08\/PrakashAnsari_MJAGA-1.pdf\">pdf<\/a>)<\/td><\/tr><\/tbody><\/table><\/figure>\n\n\n\n<figure class=\"wp-block-table\"><table><tbody><tr><td>Faranak Farshadifar<br><span><b>&#8220;<\/b><\/span><strong>Nil-M-Noetherian and nil-M-Artinian modules&#8221;<\/strong><br>Accepted August 28, 2025 (<a href=\"https:\/\/ced.fst-usmba.ac.ma\/p\/mjaga\/wp-content\/uploads\/2025\/08\/Farshadifar_MJAGA.pdf\" data-type=\"link\" data-id=\"https:\/\/ced.fst-usmba.ac.ma\/p\/mjaga\/wp-content\/uploads\/2025\/08\/Farshadifar_MJAGA.pdf\">pdf<\/a>)<\/td><\/tr><\/tbody><\/table><\/figure>\n\n\n\n<figure class=\"wp-block-table\"><table><tbody><tr><td>Shahabaddin Ebrahimi Atani<br><span><b>&#8220;<\/b><\/span><strong>On S-J-filters of a bounded lattice&#8221;<\/strong><br>Accepted September 03, 2025 (<a href=\"https:\/\/ced.fst-usmba.ac.ma\/p\/mjaga\/wp-content\/uploads\/2025\/09\/Ebrahimi_Atani_MJAGA.pdf\" data-type=\"link\" data-id=\"https:\/\/ced.fst-usmba.ac.ma\/p\/mjaga\/wp-content\/uploads\/2025\/09\/Ebrahimi_Atani_MJAGA.pdf\">pdf<\/a>)<\/td><\/tr><\/tbody><\/table><\/figure>\n\n\n\n<figure class=\"wp-block-table\"><table><tbody><tr><td>David E. Dobbs<br><span><b>&#8220;<\/b><\/span><strong>m-Grationality&#8221;<\/strong><br>Accepted September 12, 2025 (<a href=\"https:\/\/ced.fst-usmba.ac.ma\/p\/mjaga\/wp-content\/uploads\/2025\/09\/Dobbs_MJAGA-4.pdf\" data-type=\"link\" data-id=\"https:\/\/ced.fst-usmba.ac.ma\/p\/mjaga\/wp-content\/uploads\/2025\/09\/Dobbs_MJAGA-4.pdf\">pdf<\/a>)<\/td><\/tr><\/tbody><\/table><\/figure>\n\n\n\n<figure class=\"wp-block-table\"><table><tbody><tr><td>Rashid Abu-Dawwas and Eyad Al-ali<br><span><b>&#8220;<\/b><\/span><strong>Strongly Semi r-Ideals and Graded Strongly r-Ideals&#8221;<\/strong><br>Accepted September 15, 2025 (<a href=\"https:\/\/ced.fst-usmba.ac.ma\/p\/mjaga\/wp-content\/uploads\/2025\/09\/Abu_DawwasAl_ali_MJAGA-2.pdf\" data-type=\"link\" data-id=\"https:\/\/ced.fst-usmba.ac.ma\/p\/mjaga\/wp-content\/uploads\/2025\/09\/Abu_DawwasAl_ali_MJAGA-2.pdf\">pdf<\/a>)<\/td><\/tr><\/tbody><\/table><\/figure>\n\n\n\n<figure class=\"wp-block-table\"><table><tbody><tr><td>Anass Assarrar, Nassima Guennach and Najib Mahdou<br><span><b>&#8220;<\/b><\/span><strong>Graded Valuation Like Properties in Commutative Graded Rings: A Survey&#8221;<\/strong><br>Accepted September 27, 2025 (<a href=\"https:\/\/ced.fst-usmba.ac.ma\/p\/mjaga\/wp-content\/uploads\/2025\/09\/AssarrarGuennachMahdou_MJAGA-3.pdf\" data-type=\"link\" data-id=\"https:\/\/ced.fst-usmba.ac.ma\/p\/mjaga\/wp-content\/uploads\/2025\/09\/AssarrarGuennachMahdou_MJAGA-3.pdf\">pdf<\/a>)<\/td><\/tr><\/tbody><\/table><\/figure>\n\n\n\n<figure class=\"wp-block-table\"><table><tbody><tr><td>Seyede Razieh Parsa, Meysam Asadipour and Mohammad Taghi Heydari<br><span><b>&#8220;<\/b><\/span><strong>On the Comparison Between J-Class and Hypercyclic Operators&#8221;<\/strong><br>Accepted October 03, 2025 (<a href=\"https:\/\/ced.fst-usmba.ac.ma\/p\/mjaga\/wp-content\/uploads\/2025\/10\/ParsaAsadipourHeydari_MJAGA.pdf\" data-type=\"link\" data-id=\"https:\/\/ced.fst-usmba.ac.ma\/p\/mjaga\/wp-content\/uploads\/2025\/10\/ParsaAsadipourHeydari_MJAGA.pdf\">pdf<\/a>)<\/td><\/tr><\/tbody><\/table><\/figure>\n\n\n\n<figure class=\"wp-block-table\"><table><tbody><tr><td>Younes El Haddaoui, Hwankoo Kim and Fang Gui Wang<br><span><b>&#8220;<\/b><\/span><strong>Change of ring theorems for FT-flat dimensions&#8221;<\/strong><br>Accepted October 05, 2025 (<a href=\"https:\/\/ced.fst-usmba.ac.ma\/p\/mjaga\/wp-content\/uploads\/2025\/10\/ElHaddaouiKimWang_MJAGA.pdf\" data-type=\"link\" data-id=\"https:\/\/ced.fst-usmba.ac.ma\/p\/mjaga\/wp-content\/uploads\/2025\/10\/ElHaddaouiKimWang_MJAGA.pdf\">pdf<\/a>)<\/td><\/tr><\/tbody><\/table><\/figure>\n\n\n\n<figure class=\"wp-block-table\"><table><tbody><tr><td>Mamadou Lamine Diallo, Djiby Sow and Jean Raoul Tsiba<br><span><b>&#8220;<\/b><\/span><strong>On Dualization of Rickart Semimodules&#8221;<\/strong><br>Accepted October 08, 2025 (<a href=\"https:\/\/ced.fst-usmba.ac.ma\/p\/mjaga\/wp-content\/uploads\/2025\/10\/DialloSowTsiba_MJAGA.pdf\" data-type=\"link\" data-id=\"https:\/\/ced.fst-usmba.ac.ma\/p\/mjaga\/wp-content\/uploads\/2025\/10\/DialloSowTsiba_MJAGA.pdf\">pdf<\/a>)<\/td><\/tr><\/tbody><\/table><\/figure>\n\n\n\n<figure class=\"wp-block-table\"><table><tbody><tr><td>Ali Jaballah<br><span><b>&#8220;<\/b><\/span><strong>Intermediate Rings and Prime Ideals in FIP Extensions of Commutative<br>Rings&#8221;<\/strong><br>Accepted October 10, 2025 (<a href=\"https:\/\/ced.fst-usmba.ac.ma\/p\/mjaga\/wp-content\/uploads\/2025\/10\/Jaballah_MJAGA-1.pdf\" data-type=\"link\" data-id=\"https:\/\/ced.fst-usmba.ac.ma\/p\/mjaga\/wp-content\/uploads\/2025\/10\/Jaballah_MJAGA-1.pdf\">pdf<\/a>)<\/td><\/tr><\/tbody><\/table><\/figure>\n\n\n\n<figure class=\"wp-block-table\"><table><tbody><tr><td>Anzoumana Sama, Bah S. B. Kouame and Konan M. Kouakou<br><span><b>&#8220;<\/b><\/span><strong>Differential operators of an ideal\u2019s stabilizer&#8221;<\/strong><br>Accepted October 13, 2025 (<a href=\"https:\/\/ced.fst-usmba.ac.ma\/p\/mjaga\/wp-content\/uploads\/2025\/10\/SamaKouameKouakou_MJAGA.pdf\" data-type=\"link\" data-id=\"https:\/\/ced.fst-usmba.ac.ma\/p\/mjaga\/wp-content\/uploads\/2025\/10\/SamaKouameKouakou_MJAGA.pdf\">pdf<\/a>)<\/td><\/tr><\/tbody><\/table><\/figure>\n\n\n\n<figure class=\"wp-block-table\"><table><tbody><tr><td>Naseam Al-Kuleab<br><span><b>&#8220;<\/b><\/span><strong>A Solution to an Open Problem in Power Set Semigroup Structure&#8221;<\/strong><br>Accepted October 15, 2025 (<a href=\"https:\/\/ced.fst-usmba.ac.ma\/p\/mjaga\/wp-content\/uploads\/2025\/10\/Al_Kuleab_MJAGA.pdf\" data-type=\"link\" data-id=\"https:\/\/ced.fst-usmba.ac.ma\/p\/mjaga\/wp-content\/uploads\/2025\/10\/Al_Kuleab_MJAGA.pdf\">pdf<\/a>)<\/td><\/tr><\/tbody><\/table><\/figure>\n\n\n\n<figure class=\"wp-block-table\"><table><tbody><tr><td>Mohammad Taghi Heydari<br><span><b>&#8220;<\/b><\/span><strong>Compactness of the numerical range of bounded operators on H^p(\u03b2)&#8221;<\/strong><br>Accepted October 17, 2025 (<a href=\"https:\/\/ced.fst-usmba.ac.ma\/p\/mjaga\/wp-content\/uploads\/2025\/10\/Heydari_MJAGA.pdf\" data-type=\"link\" data-id=\"https:\/\/ced.fst-usmba.ac.ma\/p\/mjaga\/wp-content\/uploads\/2025\/10\/Heydari_MJAGA.pdf\">pdf<\/a>)<\/td><\/tr><\/tbody><\/table><\/figure>\n\n\n\n<figure class=\"wp-block-table\"><table><tbody><tr><td>Sylvain Attan<br><span><b>&#8220;<\/b><\/span><strong>Representations and O-operators of Hom-(pre)-Jacobi-Jordan algebras&#8221;<\/strong><br>Accepted October 18, 2025 (<a href=\"https:\/\/ced.fst-usmba.ac.ma\/p\/mjaga\/wp-content\/uploads\/2026\/03\/Attan_MJAGA-2.pdf\" data-type=\"link\" data-id=\"https:\/\/ced.fst-usmba.ac.ma\/p\/mjaga\/wp-content\/uploads\/2026\/03\/Attan_MJAGA-2.pdf\">pdf<\/a>)<\/td><\/tr><\/tbody><\/table><\/figure>\n\n\n\n<figure class=\"wp-block-table\"><table><tbody><tr><td>David E. Dobbs<br><span><b>&#8220;<\/b><\/span><strong>On locally divided prime ideals of an integral domain and going-down to P&#8221;<\/strong><br>Accepted October 19, 2025 (<a href=\"https:\/\/ced.fst-usmba.ac.ma\/p\/mjaga\/wp-content\/uploads\/2025\/10\/D.E.-Dobbs_MJAGA.pdf\" data-type=\"link\" data-id=\"https:\/\/ced.fst-usmba.ac.ma\/p\/mjaga\/wp-content\/uploads\/2025\/10\/D.E.-Dobbs_MJAGA.pdf\">pdf<\/a>)<\/td><\/tr><\/tbody><\/table><\/figure>\n\n\n\n<figure class=\"wp-block-table\"><table><tbody><tr><td>Chahrazade Bakkari, Rachid Hachache, Ayoub Kharbouch and Moutu Abdou Salam Moutui<br><span><b>&#8220;<\/b><\/span><strong>Semi-J-ideals of commutative rings&#8221;<\/strong><br>Accepted November 11, 2025 (<a href=\"https:\/\/ced.fst-usmba.ac.ma\/p\/mjaga\/wp-content\/uploads\/2025\/11\/Bakkarietal__MJAGA-2.pdf\" data-type=\"link\" data-id=\"https:\/\/ced.fst-usmba.ac.ma\/p\/mjaga\/wp-content\/uploads\/2025\/11\/Bakkarietal__MJAGA-2.pdf\">pdf<\/a>)<\/td><\/tr><\/tbody><\/table><\/figure>\n\n\n\n<figure class=\"wp-block-table\"><table><tbody><tr><td>Alaa Abouhalaka<br><span><b>&#8220;<\/b><\/span><strong>Non-P-Right Noetherian and Non-P-Right-S-Noetherian Rings&#8221;<\/strong><br>Accepted November 21, 2025 (<a href=\"https:\/\/ced.fst-usmba.ac.ma\/p\/mjaga\/wp-content\/uploads\/2025\/11\/Abouhalaka_MJAGA.pdf\" data-type=\"link\" data-id=\"https:\/\/ced.fst-usmba.ac.ma\/p\/mjaga\/wp-content\/uploads\/2025\/11\/Abouhalaka_MJAGA.pdf\">pdf<\/a>)<\/td><\/tr><\/tbody><\/table><\/figure>\n\n\n\n<figure class=\"wp-block-table\"><table><tbody><tr><td>Zeynep Y\u0131lmaz U\u00e7ar, Bayram Ali Ersoy, \u00dcnsal Tekir, Ece Yetkin elikel and Serkan Onar<br><span><b>&#8220;<\/b><\/span><strong>\u03d5\u2212 Classical 1-Absorbing Prime Submodules&#8221;<\/strong><br>Accepted December 09, 2025 (<a href=\"https:\/\/ced.fst-usmba.ac.ma\/p\/mjaga\/wp-content\/uploads\/2025\/12\/Ucaraetal__MJAGA_1.pdf\" data-type=\"link\" data-id=\"https:\/\/ced.fst-usmba.ac.ma\/p\/mjaga\/wp-content\/uploads\/2025\/12\/Ucaraetal__MJAGA_1.pdf\">pdf<\/a>)<\/td><\/tr><\/tbody><\/table><\/figure>\n\n\n\n<figure class=\"wp-block-table\"><table><tbody><tr><td>Abdelhaq El Khalfi<br><span><b>&#8220;<\/b><\/span><strong>A note on S-AB-(m,n)-absorbing ideals&#8221;<\/strong><br>Accepted January 06, 2026 (<a href=\"https:\/\/ced.fst-usmba.ac.ma\/p\/mjaga\/wp-content\/uploads\/2026\/01\/ElKhalfi_MJAGA.pdf\" data-type=\"link\" data-id=\"https:\/\/ced.fst-usmba.ac.ma\/p\/mjaga\/wp-content\/uploads\/2026\/01\/ElKhalfi_MJAGA.pdf\">pdf<\/a>)<\/td><\/tr><\/tbody><\/table><\/figure>\n\n\n\n<figure class=\"wp-block-table\"><table><tbody><tr><td>Alaa Abouhalaka and \u015eehmus F\u0131nd\u0131k<br><span><b>&#8220;<\/b><\/span><strong>The S-pseudo radical, the S-prime radical and new classes of ideals&#8221;<\/strong><br>Accepted January 11, 2026 (<a href=\"https:\/\/ced.fst-usmba.ac.ma\/p\/mjaga\/wp-content\/uploads\/2026\/01\/AlaaFindik_MJAGA-1.pdf\" data-type=\"link\" data-id=\"https:\/\/ced.fst-usmba.ac.ma\/p\/mjaga\/wp-content\/uploads\/2026\/01\/AlaaFindik_MJAGA-1.pdf\">pdf<\/a>)<\/td><\/tr><\/tbody><\/table><\/figure>\n\n\n\n<figure class=\"wp-block-table\"><table><tbody><tr><td>Fedoua Sghiouer and Ali Kacha<br><span><b>&#8220;<\/b><\/span><strong>Irrationality and transcendence of Certain Infinite Series&#8221;<\/strong><br>Accepted February 11, 2026 (<a href=\"https:\/\/ced.fst-usmba.ac.ma\/p\/mjaga\/wp-content\/uploads\/2026\/02\/SghiouerKacha_MJAGA.pdf\" data-type=\"link\" data-id=\"https:\/\/ced.fst-usmba.ac.ma\/p\/mjaga\/wp-content\/uploads\/2026\/02\/SghiouerKacha_MJAGA.pdf\">pdf<\/a>)<\/td><\/tr><\/tbody><\/table><\/figure>\n\n\n\n<figure class=\"wp-block-table\"><table><tbody><tr><td>An Fu and Wenhui Zhang <br><span><b>&#8220;<\/b><\/span><strong>Duality pairs over polynomial rings&#8221;<\/strong><br>Accepted February 14, 2026 (<a href=\"https:\/\/ced.fst-usmba.ac.ma\/p\/mjaga\/wp-content\/uploads\/2026\/02\/FuZhang_MJAGA.pdf\" data-type=\"link\" data-id=\"https:\/\/ced.fst-usmba.ac.ma\/p\/mjaga\/wp-content\/uploads\/2026\/02\/FuZhang_MJAGA.pdf\">pdf<\/a>)<\/td><\/tr><\/tbody><\/table><\/figure>\n\n\n\n<figure class=\"wp-block-table\"><table><tbody><tr><td>Muhammad Sairozi and Intan Muchtadi-Alamsyah <br><span><b>&#8220;<\/b><\/span><strong>Secret Sharing Scheme via Free Bivariate Skew Polynomial&#8221;<\/strong><br>Accepted February 24, 2026 (<a href=\"https:\/\/ced.fst-usmba.ac.ma\/p\/mjaga\/wp-content\/uploads\/2026\/03\/Sairozi_Muchtadi_Alamsyah_MJAGA-2.pdf\" data-type=\"link\" data-id=\"https:\/\/ced.fst-usmba.ac.ma\/p\/mjaga\/wp-content\/uploads\/2026\/03\/Sairozi_Muchtadi_Alamsyah_MJAGA-2.pdf\">pdf<\/a>)<\/td><\/tr><\/tbody><\/table><\/figure>\n\n\n\n<figure class=\"wp-block-table\"><table><tbody><tr><td>F. Mohammadi, B. Davvaz and V. Leoreanu-Fotea <br><span><b>&#8220;<\/b><\/span><strong>Intuitionistic fuzzy J-ideals in (m,n)-near rings&#8221;<\/strong><br>Accepted March 01, 2026 (<a href=\"https:\/\/ced.fst-usmba.ac.ma\/p\/mjaga\/wp-content\/uploads\/2026\/02\/MohammadiDavvazLeoreanu_Fotea_MJAGA.pdf\" data-type=\"link\" data-id=\"https:\/\/ced.fst-usmba.ac.ma\/p\/mjaga\/wp-content\/uploads\/2026\/02\/MohammadiDavvazLeoreanu_Fotea_MJAGA.pdf\">pdf<\/a>)<\/td><\/tr><\/tbody><\/table><\/figure>\n\n\n\n<figure class=\"wp-block-table\"><table><tbody><tr><td>Mohamed Es-saidi <br><span><b>&#8220;<\/b><\/span><strong>On complemented commutative rings&#8221;<\/strong><br>Accepted March 14, 2026 (<a href=\"https:\/\/ced.fst-usmba.ac.ma\/p\/mjaga\/wp-content\/uploads\/2026\/03\/Es_Saidi_MJAGA.pdf\" data-type=\"link\" data-id=\"https:\/\/ced.fst-usmba.ac.ma\/p\/mjaga\/wp-content\/uploads\/2026\/03\/Es_Saidi_MJAGA.pdf\">pdf<\/a>)<\/td><\/tr><\/tbody><\/table><\/figure>\n\n\n\n<figure class=\"wp-block-table\"><table><tbody><tr><td>Alassane Diouf <br><span><b>&#8220;<\/b><\/span><strong>Some conditions on a non-associative algebra that imply power associativity&#8221;<\/strong><br>Accepted March 17, 2026 (<a href=\"https:\/\/ced.fst-usmba.ac.ma\/p\/mjaga\/wp-content\/uploads\/2026\/03\/Diouf_MJAGA.pdf\" data-type=\"link\" data-id=\"https:\/\/ced.fst-usmba.ac.ma\/p\/mjaga\/wp-content\/uploads\/2026\/03\/Diouf_MJAGA.pdf\">pdf<\/a>)<\/td><\/tr><\/tbody><\/table><\/figure>\n\n\n\n<figure class=\"wp-block-table\"><table><tbody><tr><td>Brahim Boudine and Hamid Ben Yakkou <br><span><b>&#8220;<\/b><\/span><strong>Characterization of indices of quintic number fields defined by x^5+ax^4+b&#8221;<\/strong><br>Accepted April 01, 2026 (<a href=\"https:\/\/ced.fst-usmba.ac.ma\/p\/mjaga\/wp-content\/uploads\/2026\/04\/BoudineBenYakkou_MJAGA-1.pdf\" data-type=\"link\" data-id=\"https:\/\/ced.fst-usmba.ac.ma\/p\/mjaga\/wp-content\/uploads\/2026\/04\/BoudineBenYakkou_MJAGA-1.pdf\">pdf<\/a>)<\/td><\/tr><\/tbody><\/table><\/figure>\n\n\n\n<figure class=\"wp-block-table\"><table><tbody><tr><td>Mohammad Adarbeh and Mohammad Saleh <br><span><b>&#8220;<\/b><\/span><strong>On 1-absorbing prime and weakly 1-absorbing prime subsemimodules&#8221;<\/strong><br>Accepted April 13, 2026 (<a href=\"https:\/\/ced.fst-usmba.ac.ma\/p\/mjaga\/wp-content\/uploads\/2026\/04\/AdarbehSaleh_MJAGA.pdf\" data-type=\"link\" data-id=\"https:\/\/ced.fst-usmba.ac.ma\/p\/mjaga\/wp-content\/uploads\/2026\/04\/AdarbehSaleh_MJAGA.pdf\">pdf<\/a>)<\/td><\/tr><\/tbody><\/table><\/figure>\n\n\n\n<figure class=\"wp-block-table\"><table><tbody><tr><td>Kol B\u00e9atrice Gamou, Ibrahima Bakayoko and Ahmed Zahari Abdou Damdji<br><span><b>&#8220;<\/b><\/span><strong>Compatible representations and deformation of ternary Leibniz algebras&#8221;<\/strong><br>Accepted April 19, 2026 (<a href=\"https:\/\/ced.fst-usmba.ac.ma\/p\/mjaga\/wp-content\/uploads\/2026\/04\/GamouBakayokoDamdji_MJAGA-1.pdf\" data-type=\"link\" data-id=\"https:\/\/ced.fst-usmba.ac.ma\/p\/mjaga\/wp-content\/uploads\/2026\/04\/GamouBakayokoDamdji_MJAGA-1.pdf\">pdf<\/a>)<\/td><\/tr><\/tbody><\/table><\/figure>\n\n\n\n<figure class=\"wp-block-table\"><table><tbody><tr><td>Samir Boutghouchout, Hwankoo Kim and Najib Mahdou<br><span><b>&#8220;<\/b><\/span><strong>On Strongly Gorenstein Properties and Global Dimensions in Amalgamated Duplication&#8221;<\/strong><br>Accepted April 26, 2026 (<a href=\"https:\/\/ced.fst-usmba.ac.ma\/p\/mjaga\/wp-content\/uploads\/2026\/04\/BoutghouchoutKimMahdou_MJAGA.pdf\" data-type=\"link\" data-id=\"https:\/\/ced.fst-usmba.ac.ma\/p\/mjaga\/wp-content\/uploads\/2026\/04\/GamouBakayokoDamdji_MJAGA-1.pdf\">pdf<\/a>)<\/td><\/tr><\/tbody><\/table><\/figure>\n","protected":false},"excerpt":{"rendered":"<p>Younes El Haddaoui and Hwankoo Kim&#8220;On J-Noetherian modules and J-coherent modules&#8221;Accepted June 01, 2025 (pdf) David E. Dobbs&#8220;A going-down theoretic proof that straight domains are locally divided&#8221;Accepted June 06, 2025 (pdf) Bienvenu Roland Bassiloua and Norbert Mahoungou Moukala&#8220;Canonical solution of universal problem for the prolongation of algebra by a local algebra&#8221;Accepted June 10, 2025 (pdf) <a class=\"read-more-link\" href=\"https:\/\/ced.fst-usmba.ac.ma\/p\/mjaga\/articles-in-press\/\">Read More<\/a><\/p>\n","protected":false},"author":1,"featured_media":0,"parent":0,"menu_order":0,"comment_status":"closed","ping_status":"closed","template":"","meta":{"footnotes":""},"class_list":["post-88","page","type-page","status-publish","hentry","entry"],"_links":{"self":[{"href":"https:\/\/ced.fst-usmba.ac.ma\/p\/mjaga\/wp-json\/wp\/v2\/pages\/88","targetHints":{"allow":["GET"]}}],"collection":[{"href":"https:\/\/ced.fst-usmba.ac.ma\/p\/mjaga\/wp-json\/wp\/v2\/pages"}],"about":[{"href":"https:\/\/ced.fst-usmba.ac.ma\/p\/mjaga\/wp-json\/wp\/v2\/types\/page"}],"author":[{"embeddable":true,"href":"https:\/\/ced.fst-usmba.ac.ma\/p\/mjaga\/wp-json\/wp\/v2\/users\/1"}],"replies":[{"embeddable":true,"href":"https:\/\/ced.fst-usmba.ac.ma\/p\/mjaga\/wp-json\/wp\/v2\/comments?post=88"}],"version-history":[{"count":388,"href":"https:\/\/ced.fst-usmba.ac.ma\/p\/mjaga\/wp-json\/wp\/v2\/pages\/88\/revisions"}],"predecessor-version":[{"id":3082,"href":"https:\/\/ced.fst-usmba.ac.ma\/p\/mjaga\/wp-json\/wp\/v2\/pages\/88\/revisions\/3082"}],"wp:attachment":[{"href":"https:\/\/ced.fst-usmba.ac.ma\/p\/mjaga\/wp-json\/wp\/v2\/media?parent=88"}],"curies":[{"name":"wp","href":"https:\/\/api.w.org\/{rel}","templated":true}]}}