{"id":86,"date":"2021-04-08T10:47:34","date_gmt":"2021-04-08T10:47:34","guid":{"rendered":"https:\/\/ced.fst-usmba.ac.ma\/p\/mjaga\/?page_id=86"},"modified":"2026-01-26T13:04:09","modified_gmt":"2026-01-26T13:04:09","slug":"all-issues","status":"publish","type":"page","link":"https:\/\/ced.fst-usmba.ac.ma\/p\/mjaga\/all-issues\/","title":{"rendered":"All issues"},"content":{"rendered":"\n<h2 class=\"wp-block-heading\">List of issues<\/h2>\n\n\n\n<div style=\"height:10px\" aria-hidden=\"true\" class=\"wp-block-spacer\"><\/div>\n\n\n\n<figure class=\"wp-block-table is-style-stripes\" style=\"font-size:24px\"><table><tbody><tr><td class=\"has-text-align-center\" data-align=\"center\"><strong>Moroccan Journal of Algebra and Geometry with Applications<\/strong><\/td><\/tr><\/tbody><\/table><\/figure>\n\n\n\n<div class=\"wp-block-columns is-layout-flex wp-container-core-columns-is-layout-9d6595d7 wp-block-columns-is-layout-flex\">\n<div class=\"wp-block-column is-layout-flow wp-block-column-is-layout-flow\">\n<p class=\"has-text-align-center\">2022<\/p>\n<\/div>\n\n\n\n<div class=\"wp-block-column is-layout-flow wp-block-column-is-layout-flow\">\n<p class=\"has-text-align-center\"><a href=\"https:\/\/ced.fst-usmba.ac.ma\/p\/mjaga\/wp-content\/uploads\/2023\/01\/Volume1_2022.pdf\" data-type=\"URL\" data-id=\"https:\/\/ced.fst-usmba.ac.ma\/p\/mjaga\/wp-content\/uploads\/2023\/01\/Volume1_2022.pdf\">Volume 1<\/a><\/p>\n<\/div>\n\n\n\n<div class=\"wp-block-column is-layout-flow wp-block-column-is-layout-flow\">\n<p class=\"has-text-align-center\"><a href=\"https:\/\/ced.fst-usmba.ac.ma\/p\/mjaga\/vol-1-no-1\" data-type=\"URL\" data-id=\"https:\/\/ced.fst-usmba.ac.ma\/p\/mjaga\/vol-1-no-1\">Num\u00e9ro 1<\/a><\/p>\n<\/div>\n\n\n\n<div class=\"wp-block-column is-layout-flow wp-block-column-is-layout-flow\">\n<p><a href=\"https:\/\/ced.fst-usmba.ac.ma\/p\/mjaga\/moroccan-journal-of-algebra-and-geometry-with-applications-volume-1-issue-2-2022\/\" data-type=\"URL\" data-id=\"https:\/\/ced.fst-usmba.ac.ma\/p\/mjaga\/moroccan-journal-of-algebra-and-geometry-with-applications-volume-1-issue-2-2022\/\">Num\u00e9ro 2<\/a><\/p>\n<\/div>\n<\/div>\n\n\n\n<div class=\"wp-block-columns is-layout-flex wp-container-core-columns-is-layout-9d6595d7 wp-block-columns-is-layout-flex\">\n<div class=\"wp-block-column is-layout-flow wp-block-column-is-layout-flow\">\n<p class=\"has-text-align-center\">2023<\/p>\n<\/div>\n\n\n\n<div class=\"wp-block-column is-layout-flow wp-block-column-is-layout-flow\">\n<p class=\"has-text-align-center\"><a href=\"https:\/\/ced.fst-usmba.ac.ma\/p\/mjaga\/wp-content\/uploads\/2023\/12\/MJAGA_Vol2.-2.pdf\" data-type=\"link\" data-id=\"https:\/\/ced.fst-usmba.ac.ma\/p\/mjaga\/wp-content\/uploads\/2023\/12\/MJAGA_Vol2.-2.pdf\">Volume 2<\/a><\/p>\n<\/div>\n\n\n\n<div class=\"wp-block-column is-layout-flow wp-block-column-is-layout-flow\">\n<p class=\"has-text-align-center\"><a href=\"https:\/\/ced.fst-usmba.ac.ma\/p\/mjaga\/moroccan-journal-of-algebra-and-geometry-with-applications-volume-2-issue-1-2023\/\" data-type=\"URL\" data-id=\"https:\/\/ced.fst-usmba.ac.ma\/p\/mjaga\/moroccan-journal-of-algebra-and-geometry-with-applications-volume-2-issue-1-2023\/\">Num\u00e9ro 1<\/a><\/p>\n<\/div>\n\n\n\n<div class=\"wp-block-column is-layout-flow wp-block-column-is-layout-flow\">\n<p><a href=\"https:\/\/ced.fst-usmba.ac.ma\/p\/mjaga\/moroccan-journal-of-algebra-and-geometry-with-applications-volume-2-issue-2-2023\/\" data-type=\"link\" data-id=\"https:\/\/ced.fst-usmba.ac.ma\/p\/mjaga\/moroccan-journal-of-algebra-and-geometry-with-applications-volume-2-issue-2-2023\/\">Num\u00e9ro 2<\/a><\/p>\n<\/div>\n<\/div>\n\n\n\n<div class=\"wp-block-columns is-layout-flex wp-container-core-columns-is-layout-9d6595d7 wp-block-columns-is-layout-flex\">\n<div class=\"wp-block-column is-layout-flow wp-block-column-is-layout-flow\">\n<p class=\"has-text-align-center\">2024<\/p>\n<\/div>\n\n\n\n<div class=\"wp-block-column is-layout-flow wp-block-column-is-layout-flow\">\n<p class=\"has-text-align-center\"><a href=\"https:\/\/ced.fst-usmba.ac.ma\/p\/mjaga\/wp-content\/uploads\/2024\/11\/Vol3VF2.pdf\" data-type=\"link\" data-id=\"https:\/\/ced.fst-usmba.ac.ma\/p\/mjaga\/wp-content\/uploads\/2024\/11\/Vol3VF2.pdf\">Volume 3<\/a><\/p>\n<\/div>\n\n\n\n<div class=\"wp-block-column is-layout-flow wp-block-column-is-layout-flow\">\n<p class=\"has-text-align-center\"><a href=\"https:\/\/ced.fst-usmba.ac.ma\/p\/mjaga\/moroccan-journal-of-algebra-and-geometry-with-applications-volume-3-issue-1-2024\/\" data-type=\"link\" data-id=\"https:\/\/ced.fst-usmba.ac.ma\/p\/mjaga\/moroccan-journal-of-algebra-and-geometry-with-applications-volume-3-issue-1-2024\/\">Num\u00e9ro 1<\/a><\/p>\n<\/div>\n\n\n\n<div class=\"wp-block-column is-layout-flow wp-block-column-is-layout-flow\">\n<p><a href=\"https:\/\/ced.fst-usmba.ac.ma\/p\/mjaga\/moroccan-journal-of-algebra-and-geometry-with-applications-volume-3-issue-2-2024\/\" data-type=\"link\" data-id=\"https:\/\/ced.fst-usmba.ac.ma\/p\/mjaga\/moroccan-journal-of-algebra-and-geometry-with-applications-volume-3-issue-2-2024\/\">Num\u00e9ro 2<\/a><\/p>\n<\/div>\n<\/div>\n\n\n\n<div class=\"wp-block-columns is-layout-flex wp-container-core-columns-is-layout-9d6595d7 wp-block-columns-is-layout-flex\">\n<div class=\"wp-block-column is-layout-flow wp-block-column-is-layout-flow\">\n<p class=\"has-text-align-center\">2025<\/p>\n<\/div>\n\n\n\n<div class=\"wp-block-column is-layout-flow wp-block-column-is-layout-flow\">\n<p class=\"has-text-align-center\"><a href=\"https:\/\/ced.fst-usmba.ac.ma\/p\/mjaga\/wp-content\/uploads\/2026\/01\/vol4_V2.pdf\" data-type=\"link\" data-id=\"https:\/\/ced.fst-usmba.ac.ma\/p\/mjaga\/wp-content\/uploads\/2026\/01\/vol4_V2.pdf\">Volume 4<\/a><\/p>\n<\/div>\n\n\n\n<div class=\"wp-block-column is-layout-flow wp-block-column-is-layout-flow\">\n<p class=\"has-text-align-center\"><a href=\"https:\/\/ced.fst-usmba.ac.ma\/p\/mjaga\/moroccan-journal-of-algebra-and-geometry-with-applications-volume-4-issue-1-2025\/\" data-type=\"link\" data-id=\"https:\/\/ced.fst-usmba.ac.ma\/p\/mjaga\/moroccan-journal-of-algebra-and-geometry-with-applications-volume-4-issue-1-2025\/\">Num\u00e9ro 1<\/a><\/p>\n<\/div>\n\n\n\n<div class=\"wp-block-column is-layout-flow wp-block-column-is-layout-flow\">\n<p><a href=\"https:\/\/ced.fst-usmba.ac.ma\/p\/mjaga\/moroccan-journal-of-algebra-and-geometry-with-applications-volume-4-issue-2-2025\/\" data-type=\"link\" data-id=\"https:\/\/ced.fst-usmba.ac.ma\/p\/mjaga\/moroccan-journal-of-algebra-and-geometry-with-applications-volume-4-issue-2-2025\/\">Num\u00e9ro 2<\/a><\/p>\n<\/div>\n<\/div>\n","protected":false},"excerpt":{"rendered":"<p>List of issues Moroccan Journal of Algebra and Geometry with Applications 2022 Volume 1 Num\u00e9ro 1 Num\u00e9ro 2 2023 Volume 2 Num\u00e9ro 1 Num\u00e9ro 2 2024 Volume 3 Num\u00e9ro 1 Num\u00e9ro 2 2025 Volume 4 Num\u00e9ro 1 Num\u00e9ro 2<\/p>\n","protected":false},"author":1,"featured_media":0,"parent":0,"menu_order":0,"comment_status":"closed","ping_status":"closed","template":"","meta":{"footnotes":""},"class_list":["post-86","page","type-page","status-publish","hentry","entry"],"_links":{"self":[{"href":"https:\/\/ced.fst-usmba.ac.ma\/p\/mjaga\/wp-json\/wp\/v2\/pages\/86","targetHints":{"allow":["GET"]}}],"collection":[{"href":"https:\/\/ced.fst-usmba.ac.ma\/p\/mjaga\/wp-json\/wp\/v2\/pages"}],"about":[{"href":"https:\/\/ced.fst-usmba.ac.ma\/p\/mjaga\/wp-json\/wp\/v2\/types\/page"}],"author":[{"embeddable":true,"href":"https:\/\/ced.fst-usmba.ac.ma\/p\/mjaga\/wp-json\/wp\/v2\/users\/1"}],"replies":[{"embeddable":true,"href":"https:\/\/ced.fst-usmba.ac.ma\/p\/mjaga\/wp-json\/wp\/v2\/comments?post=86"}],"version-history":[{"count":31,"href":"https:\/\/ced.fst-usmba.ac.ma\/p\/mjaga\/wp-json\/wp\/v2\/pages\/86\/revisions"}],"predecessor-version":[{"id":3015,"href":"https:\/\/ced.fst-usmba.ac.ma\/p\/mjaga\/wp-json\/wp\/v2\/pages\/86\/revisions\/3015"}],"wp:attachment":[{"href":"https:\/\/ced.fst-usmba.ac.ma\/p\/mjaga\/wp-json\/wp\/v2\/media?parent=86"}],"curies":[{"name":"wp","href":"https:\/\/api.w.org\/{rel}","templated":true}]}}