{"id":29,"date":"2021-04-07T15:16:32","date_gmt":"2021-04-07T15:16:32","guid":{"rendered":"https:\/\/ced.fst-usmba.ac.ma\/p\/mjaga\/?page_id=29"},"modified":"2026-02-26T15:43:00","modified_gmt":"2026-02-26T15:43:00","slug":"editorial-board","status":"publish","type":"page","link":"https:\/\/ced.fst-usmba.ac.ma\/p\/mjaga\/editorial-board\/","title":{"rendered":"Editorial board"},"content":{"rendered":"\n<div class=\"wp-block-columns is-layout-flex wp-container-core-columns-is-layout-9d6595d7 wp-block-columns-is-layout-flex\">\n<div class=\"wp-block-column is-layout-flow wp-block-column-is-layout-flow\">\n<div class=\"wp-block-group\"><div class=\"wp-block-group__inner-container is-layout-flow wp-block-group-is-layout-flow\">\n<h6 class=\"wp-block-heading\" id=\"editor-in-chief\">Editor-in-Chief                                                                                                                    <\/h6>\n\n\n\n<p><strong>Najib Mahdou <\/strong>(<a rel=\"noreferrer noopener\" href=\"mailto:najib.mahdou@usmba.ac.ma\" target=\"_blank\">najib.mahdou@usmba.ac.ma<\/a>)<br>University Sidi Mohamed Ben Abdellah, Fez, Morocco.<\/p>\n<\/div><\/div>\n<\/div>\n<\/div>\n\n\n\n<div style=\"height:17px\" aria-hidden=\"true\" class=\"wp-block-spacer\"><\/div>\n\n\n\n<h6 class=\"wp-block-heading\" id=\"editor-in-chief\">Deputy Editor<\/h6>\n\n\n\n<p><strong>Mohammed Tamekkante<\/strong> (<a href=\"mailto:m.tamekkante@umi.ac.ma\" target=\"_blank\" rel=\"noreferrer noopener\">m.tamekkante@umi.ac.ma<\/a>)<br>University Moulay Ismail, Meknes, Morocco.<\/p>\n\n\n\n<div style=\"height:17px\" aria-hidden=\"true\" class=\"wp-block-spacer\"><\/div>\n\n\n\n<h6 class=\"wp-block-heading\" id=\"managing-editors\">Managing Editors<\/h6>\n\n\n\n<p><strong>Adam Anebri <\/strong>(<a href=\"mailto:adam.anebri@uhp.ac.ma\" data-type=\"mailto\" data-id=\"mailto:adam.anebri@uhp.ac.ma\" target=\"_blank\" rel=\"noreferrer noopener\">adam.anebri@uhp.ac.ma<\/a>)<br>Hassan First University, Settat, Morocco.<\/p>\n\n\n\n<p><strong>Omar Ait Zemzami <\/strong>(<a href=\"mailto:o.aitzemzami@uiz.ac.ma\" target=\"_blank\" rel=\"noreferrer noopener\">o.aitzemzami@uiz.ac.ma<\/a>)<br>Ibn Zohr University, Agadir, Morocco.<br><\/p>\n\n\n\n<div style=\"height:17px\" aria-hidden=\"true\" class=\"wp-block-spacer\"><\/div>\n\n\n\n<h6 class=\"wp-block-heading\" id=\"technical-editor\">Technical Editor<\/h6>\n\n\n\n<p><strong>El Houssaine Oubouhou <\/strong>(<a href=\"mailto:hossineoubouhou@gmail.com\" target=\"_blank\" rel=\"noreferrer noopener\">hossineoubouhou@gmail.com<\/a>)<br>University Sidi Mohamed Ben Abdellah, Fez, Morocco.<br><br><br><br><br><\/p>\n\n\n\n<h4 class=\"wp-block-heading has-primary-color has-text-color\" id=\"editorial-board\"><strong>Editorial Board<\/strong><\/h4>\n\n\n\n<p><strong>Mohamed Tahar Kadaoui Abbassi <\/strong>(<a rel=\"noreferrer noopener\" href=\"mailto:mohamed.abbassi@usmba.ac.ma\" target=\"_blank\">mohamed.abbassi@usmba.ac.ma<\/a>)<br>University Sidi Mohamed Ben Abdellah, Fez, Morocco.<br>Research Areas: &nbsp;Differential&nbsp; Geometry, Riemannian Geometry.<\/p>\n\n\n\n<p><strong>Toshiaki Adachi<\/strong> (<a href=\"mailto:adachi@nitech.ac.jp\">adachi@nitech.ac.jp<\/a>)<br>Nagoya Institute of Technology, Nagoya, Japan.<br>Research Areas: Riemannian Geometry.<\/p>\n\n\n\n<p><strong>Mohammad Ashraf<\/strong> (<a rel=\"noreferrer noopener\" href=\"mailto:mashraf80@hotmail.com\" target=\"_blank\">mashraf80@hotmail.com<\/a>)<br>Aligarh Muslim University, Aligarh, India.<br>Research Areas:&nbsp; Commutativity and Structure of Rings and Near-rings, Functional Identities in rings and algebras, Coding theory, Cryptography and graph theory.<\/p>\n\n\n\n<p><strong>Abdelmalek Azizi&nbsp;<\/strong>(<a rel=\"noreferrer noopener\" href=\"mailto:abdelmalekazizi@yahoo.fr\" target=\"_blank\">abdelmalekazizi@yahoo.fr<\/a>)<br>Mohamed First University, Oujda, Morocco.<br>Research Areas:&nbsp; Number Theory, Information Security.<\/p>\n\n\n\n<p><strong>Ayman Badawi<\/strong> (<a rel=\"noreferrer noopener\" href=\"mailto:abadawi@aus.edu\" target=\"_blank\">abadawi@aus.edu<\/a>)<br>The American University of Sharjah, Sharjah, United Arab Emirates.<br>Research Areas:&nbsp; Commutative Algebra.<\/p>\n\n\n\n<p><strong>Mashhour Ibrahim Bani Ata<\/strong> (<a rel=\"noreferrer noopener\" href=\"mailto:mashhour_ibrahim@yahoo.com\" target=\"_blank\">mashhour_ibrahim@yahoo.com<\/a>)<br>Department of Mathematics-PAAET-Kuwait.<br>Research Areas:&nbsp; Lie Algebras, Finite Geometry and Group Theory.<\/p>\n\n\n\n<p><strong>Abdelmejid Bayad<\/strong>&nbsp;(<a rel=\"noreferrer noopener\" href=\"mailto:abayad@maths.univ-evry.fr\" target=\"_blank\">abayad@maths.univ-evry.fr<\/a>)<br>Universit\u00e9 Paris-Saclay, LAMME CNRS&nbsp;&nbsp;\u00c9vry, France.<br>Research Areas: &nbsp;Number theory, Arithmetic geometry, coding theory, Modular forms, Special functions, Special values of Zetas and L-functions, q-series and partition theory.<\/p>\n\n\n\n<p><strong>Samir Bouchiba&nbsp;<\/strong>(<a href=\"mailto:s.bouchiba@fs.umi.ac.ma\" data-type=\"mailto\" data-id=\"mailto:s.bouchiba@fs.umi.ac.ma\" target=\"_blank\" rel=\"noreferrer noopener\">s.bouchiba@fs.umi.ac.ma<\/a>)<br>University Moulay Ismail, Meknes, Morocco.<br>Research Areas: &nbsp;Commutative Algebra and Homological Algebra.<\/p>\n\n\n\n<p><strong>Giovanni Calvaruso<\/strong> (<a href=\"mailto:giovanni.calvaruso@unisalento.it\">giovanni.calvaruso@unisalento.it<\/a>)<br>Dipartimento di Matematica e Fisica &#8220;E. De Giorgi&#8221;, &nbsp;Universit\u00e0 del Salento, Lecce, Italy.<br>Research Areas: Differential Geometry, pseudo-Riemannian Geometry.<\/p>\n\n\n\n<p><strong>Luisa Carini&nbsp;<\/strong>(<a rel=\"noreferrer noopener\" href=\"mailto:luisa.carini@unime.it\" target=\"_blank\">luisa.carini@unime.it<\/a>)<br>Dipartimento MIFT, Universit\u00e0 di Messina, Messina, Italy.<br>Research Areas: &nbsp;Noncommutative Rings, PI-algebras, Algebraic Combinatorics.<\/p>\n\n\n\n<p><strong>Paula A. A. B. Carvalho&nbsp;<\/strong>(<a rel=\"noreferrer noopener\" href=\"pbcarval@fc.up.pt\" data-type=\"URL\" data-id=\"pbcarval@fc.up.pt\" target=\"_blank\">pbcarval@fc.up.pt<\/a>)<br>University of Porto, Porto, Portugal.<br>Research Areas: &nbsp;Noncommutative Ring Theory.<\/p>\n\n\n\n<p><strong>Ece Yetkin \u00c7elikel&nbsp;<\/strong>(<a href=\"mailto:ece.celikel@hku.edu.tr\" data-type=\"mailto\" data-id=\"mailto:ece.celikel@hku.edu.tr\" target=\"_blank\" rel=\"noreferrer noopener\"><\/a><a href=\"mailto:ece.celikel@hku.edu.tr\" target=\"_blank\" rel=\"noreferrer noopener\">ece.celikel@hku.edu.tr<\/a>)<br>Hasan Kalyoncu University, Gaziantep, Turkey.<br>Research Areas: &nbsp;Commutative Ring and Module Theory, Multiplicative Ideal Theory.<\/p>\n\n\n\n<p><strong>Jean-Luc Chabert<\/strong> (<a rel=\"noreferrer noopener\" href=\"mailto:jean-luc.chabert@u-picardie.fr\" target=\"_blank\">jean-luc.chabert@u-picardie.fr<\/a>)<br>Universit\u00e9 de Picardie, LAMFA, Amiens, France.<br>Research Areas: Commutative Algebra and Algebraic Number Theory.<\/p>\n\n\n\n<p><strong>M. P. Chaudhary<\/strong> (<a href=\"mailto:dr.m.p.chaudhary@gmail.com\" data-type=\"mailto\" data-id=\"mailto:dr.m.p.chaudhary@gmail.com\" target=\"_blank\" rel=\"noreferrer noopener\">dr.m.p.chaudhary@gmail.com<\/a>)<br>Albert Einstein Chair Professor of Mathematical Sciences,<br>International Scientific Research and Welfare Organization, New Delhi, India.<br>Research Areas: Number Theory, Ring Theory, Theorectical Computer Science and Internet of Things.<\/p>\n\n\n\n<p><strong>Mohamed Mahmoud Chems-Eddin<\/strong> (<a href=\"mailto:2m.chemseddin@gmail.com\" data-type=\"mailto\" data-id=\"mailto:2m.chemseddin@gmail.com\" target=\"_blank\" rel=\"noreferrer noopener\">2m.chemseddin@gmail.com<\/a>)<br>Sidi Mohamed Ben Abdellah University, Fez, Morocco.<br>Research Areas: Commutative Algebra and Algebraic Number Theory.<\/p>\n\n\n\n<p><strong>Marco D&#8217;Anna<\/strong> (<a rel=\"noreferrer noopener\" href=\"mailto:mdanna@dmi.unict.it\" target=\"_blank\">mdanna@dmi.unict.it<\/a>)<br>DMI, Universit\u00e0 di Catania, Catania, Italy.<br>Research Areas: Commutative Rings, Numerical Semigroups, Curve&nbsp;<br>Singularities and Value Semigroups.<\/p>\n\n\n\n<p><strong>Ahmad Yousefian Darani&nbsp;<\/strong>(<a href=\"mailto:yousefian@uma.ac.ir\" data-type=\"mailto\" data-id=\"mailto:yousefian@uma.ac.ir\" target=\"_blank\" rel=\"noreferrer noopener\">yousefian@uma.ac.ir<\/a>)<br>University of Mohaghegh Ardabili, Ardabil, Iran.<br>Research Areas:&nbsp;Commutative Algebra, Fuzzy Commutative algebra, Zero-divisor graphs.<\/p>\n\n\n\n<p><strong>Vincenzo DE Filippis&nbsp;<\/strong>(<a rel=\"noreferrer noopener\" href=\"mailto:defilippis@unime.it\" target=\"_blank\">defilippis@unime.it<\/a>)<br>Department of Engineering, University of Messina, Messina, Italy.<br>Research Areas:&nbsp; Associative Algebra, Functional Identities in rings and algebras.<\/p>\n\n\n\n<p><strong>Nanqing Ding&nbsp; <\/strong>(<a rel=\"noreferrer noopener\" href=\"mailto:nqding@nju.edu.cn\" target=\"_blank\">nqding@nju.edu.cn<\/a>)<br>Nanjing&nbsp;University, Nanjing,&nbsp;China.<br>Research Areas:&nbsp; Homological algebra, Ring theory, Module theory,&nbsp; Algebraic K-theory.<\/p>\n\n\n\n<p><strong>David E. Dobbs <\/strong>(<a rel=\"noreferrer noopener\" href=\"mailto:ddobbs1@utk.edu\" target=\"_blank\">ddobbs1@utk.edu<\/a>)<br>Department of Mathematics,&nbsp; University of Tennessee, Knoxville, Tennessee, USA.<br>Research Areas:&nbsp;Commutative Algebra,&nbsp;&nbsp;numerical semigroups and classical geometries.<\/p>\n\n\n\n<p><strong>Maciej Dunajski<\/strong> (<a href=\"mailto:m.dunajski@damtp.cam.ac.uk\">m.dunajski@damtp.cam.ac.uk<\/a>)<br>University of Cambridge, Cambridge, United Kingdom.<br>Research Areas:&nbsp;Twistor Theory, Integrable Systems, Solitons, and Differential Geometry.<\/p>\n\n\n\n<p><strong>Laiachi El Kaoutit<\/strong> (<a href=\"mailto:kaoutit@ugr.es\" data-type=\"mailto\" data-id=\"mailto:kaoutit@ugr.es\" target=\"_blank\" rel=\"noreferrer noopener\">kaoutit@ugr.es<\/a>)<br>Universidad de Granada, Granada, Spain.<br>Research Areas: Hopf algebras or algebroids, category theory and&nbsp;homological algebra.<\/p>\n\n\n\n<p><strong>Abdelhaq El Khalfi<\/strong> (<a href=\"abdelhaqelkhalfi@gmail.com\" data-type=\"link\" data-id=\"abdelhaqelkhalfi@gmail.com\" target=\"_blank\" rel=\"noreferrer noopener\">abdelhaqelkhalfi@gmail.com<\/a>)<br>Hassan II University of Casablanca, Casablanca, Morocco.<br>Research Areas: Commutative Algebra,&nbsp;Homological Algebra and Graph Theory.<\/p>\n\n\n\n<p><strong>El Hassan El Kinani<\/strong> (<a rel=\"noreferrer noopener\" href=\"mailto:e.elkinani@umi.ac.ma\" target=\"_blank\">e.elkinani@umi.ac.ma<\/a>)<br>University Moulay Ismail, Meknes, Morocco.<br>Research Areas: Lie Algebras.<\/p>\n\n\n\n<p><strong>Bayram Ali Ersoy<\/strong> (<a href=\"mailto:ersoya@yildiz.edu.tr\" data-type=\"mailto\" data-id=\"mailto:ersoya@yildiz.edu.tr\" target=\"_blank\" rel=\"noreferrer noopener\">ersoya@yildiz.edu.tr<\/a>)<br>Y\u0131ld\u0131z Teknik Universitesi, \u0130stanbul, Turkey.<br>Research Areas: Commutative rings, Group Theory, Fuzzy Algebra.<\/p>\n\n\n\n<p><strong>Anna Fino<\/strong> (<a href=\"mailto:annamaria.fino@unito.it\">annamaria.fino@unito.it<\/a>)<br>University of Torino, Torino, Italy.<br>Research Areas: Differential Geometry, Complex Geometry, Lie groups.<\/p>\n\n\n\n<p><strong>Carmelo Antonio Finocchiaro<\/strong> (<a rel=\"noreferrer noopener\" href=\"mailto:cafinocchiaro@unict.it\" target=\"_blank\">cafinocchiaro@unict.it<\/a>)<br>Department of Mathematics and Computer Science,&nbsp;Universit\u00e0 di Catania, Catania, Italy.<br>Research Areas: Commutative Ring Theory, Multiplicative Ideal Theory, General Topology.&nbsp;<\/p>\n\n\n\n<p><strong>Marco Fontana<\/strong> (<a rel=\"noreferrer noopener\" href=\"mailto:fontana@mat.uniroma3.it\" target=\"_blank\">fontana@mat.uniroma3.it<\/a>)<br>Dipartimento di Matematica e Fisica, Universit\u00e0 degli Studi &#8220;Roma Tre&#8221;, Roma, Italy.<br>Research Areas: Commutative Algebra, Homological Algebra, Topology.<\/p>\n\n\n\n<p><strong>Sophie Frisch<\/strong> &nbsp;(<a rel=\"noreferrer noopener\" href=\"mailto:frisch@math.tugraz.at\" target=\"_blank\">frisch@math.tugraz.at<\/a>)<br>Graz University of Technology, Graz, Austria.<br>Research Areas:&nbsp;Commutative algebra, commutative rings, linear algebra over&nbsp;commutative rings, integer-valued polynomials,&nbsp;polynomial functions on finite rings.<\/p>\n\n\n\n<p><strong>Ahmed Hamed<\/strong> (<a rel=\"noreferrer noopener\" href=\"mailto:hamed.ahmed@hotmail.fr\" data-type=\"mailto\" data-id=\"mailto:hamed.ahmed@hotmail.fr\" target=\"_blank\">hamed.ahmed@hotmail.fr<\/a>)<br>Faculty of sciences, University of Monastir, Tunisia.<br>Research Areas: Commutative Algebra, semigroup rings.<\/p>\n\n\n\n<p><strong>Dolors Herbera&nbsp;<\/strong>(<a rel=\"noreferrer noopener\" href=\"mailto:dolors@mat.uab.cat\" target=\"_blank\">dolors@mat.uab.cat<\/a>)<br>Universitat Aut\u00f2noma de Barcelona, Barcelona, Spain.<br>Research Areas:&nbsp; Ring and Module Theory,&nbsp; Homological Algebra, Representation Theory.<\/p>\n\n\n\n<p><strong>Sana Hizem&nbsp;<\/strong>(<a rel=\"noreferrer noopener\" href=\"mailto:Sana.Hizem@fsm.rnu.tn\" target=\"_blank\">Sana.Hizem@fsm.rnu.tn<\/a>)<br>University of Monastir, Monastir, Tunisia.                                                                  <br>Research Areas:&nbsp; Commutative Algebra, Number Theory.<\/p>\n\n\n\n<p><strong>Mohammed Issoual&nbsp;<\/strong>(<a href=\"mailto:issoual2@yahoo.fr\" data-type=\"mailto\" data-id=\"mailto:issoual2@yahoo.fr\" target=\"_blank\" rel=\"noreferrer noopener\">issoual2@yahoo.fr<\/a>)<br>CRMEF-CPA , Fez-Meknes, Morocco. <br>Research Areas:&nbsp; Commutative Algebra, Graphs Theory, Number Theory.<\/p>\n\n\n\n<p><strong>Ali Jaballah<\/strong> (<a rel=\"noreferrer noopener\" href=\"mailto:ajaballah@sharjah.ac.ae\" target=\"_blank\">ajaballah@sharjah.ac.ae<\/a>)<br>University of Sharjah, Sharjah, United Arab Emirates.<br>Research Areas:&nbsp; Commutative Algebra, Fuzzy Algebraic Structures.<\/p>\n\n\n\n<p><strong>El Amin Kaidi&nbsp;<\/strong>(<a rel=\"noreferrer noopener\" href=\"mailto:elamin@ual.es\" target=\"_blank\">elamin@ual.es<\/a>)<br>University Almeria, Spain.<br>Research Areas:&nbsp; Commutative Algebra, Associative Algebra.<\/p>\n\n\n\n<p><strong>Hwankoo Kim&nbsp;<\/strong>(<a rel=\"noreferrer noopener\" href=\"mailto:hkkim@hoseo.edu\" target=\"_blank\">hkkim@hoseo.edu<\/a>)<br>Hoseo University, Asan, South Korea.<br>Research Areas:&nbsp; Commutative Algebra, Information security.<\/p>\n\n\n\n<p><strong>Suat Ko\u00e7<\/strong> (<a href=\"suat.koc@marmara.edu.tr\" data-type=\"mailto\" data-id=\"mailto:suat.koc@medeniyet.edu.tr\">suat.koc@marmara.edu.tr<\/a>)<br>Department of Mathematics, Marmara University, Istanbul, Turkey.<br>Research Areas:&nbsp;Commutative Ring Theory, Multiplicative Ideal Theory,<br>Graph Theory.<\/p>\n\n\n\n<p><strong>Christian Lomp<\/strong> (<a href=\"clomp@fc.up.pt\" data-type=\"URL\" data-id=\"clomp@fc.up.pt\"><\/a><a rel=\"noreferrer noopener\" href=\"mailto:clomp@fc.up.pt\" target=\"_blank\">clomp@fc.up.pt<\/a>)<br>University of Porto, Porto, Portugal.<br>Research Areas:&nbsp;Ring and Module Theory, Hopf algebras.<\/p>\n\n\n\n<p><strong>Marco Castrillon Lopez<\/strong> (<a href=\"mailto:mcastri@mat.ucm.es\">mcastri@mat.ucm.es<\/a>)<br>Universidad Complutense de Madrid, Madrid, Spain.<br>Research Areas:&nbsp;Differential Geometry, Mathematical physics.<\/p>\n\n\n\n<p><strong>Najib Mahdou<\/strong>  (<a rel=\"noreferrer noopener\" href=\"mailto:mahdou@hotmail.com\" target=\"_blank\"><\/a><a rel=\"noreferrer noopener\" href=\"mailto:najib.mahdou@usmba.ac.ma\" target=\"_blank\">najib.mahdou@usmba.ac.ma<\/a>)   <br>University Sidi Mohamed Ben Abdellah, Fez, Morocco.<br>Research Areas:&nbsp; Commutative Algebra and Homological Algebra. <\/p>\n\n\n\n<p><strong>Abdenacer Makhlouf<\/strong> (<a rel=\"noreferrer noopener\" href=\"mailto:mahdou@hotmail.com\" target=\"_blank\"><\/a><a rel=\"noreferrer noopener\" href=\"mailto:abdenacer.makhlouf@uha.fr\" target=\"_blank\">abdenacer.makhlouf@uha.fr<\/a>)<br>Universit\u00e9 de Haute Alsace, IRIMAS-d\u00e9partement de Math\u00e9matiques, Mulhouse, France.<br>Research Areas: Non-associative algebras, Hopf algebras, Deformation theory, Homological algebra.<\/p>\n\n\n\n<p><strong>Lixin Mao<\/strong> (<a rel=\"noreferrer noopener\" href=\"mailto:maolx2@hotmail.com\" target=\"_blank\">maolx2@hotmail.com<\/a>)<br>Nanjing Institute of Technology, Nanjing, China.<br>Research Areas:&nbsp; Associative rings and Algebras.<\/p>\n\n\n\n<p><strong>Hidetoshi Marubayashi<\/strong> (<a rel=\"noreferrer noopener\" href=\"mailto:marubaya@naruto-u.ac.jp\" target=\"_blank\">marubaya@naruto-u.ac.jp<\/a>)<br>Naruto University of Education, Japan.<br>Research Areas:&nbsp; Ring theory and Module theory.<\/p>\n\n\n\n<p><strong>Abdeslam Mimouni<\/strong> (<a rel=\"noreferrer noopener\" href=\"mailto:amimouni@kfupm.edu.sa\" target=\"_blank\">amimouni@kfupm.edu.sa<\/a>)<br>King Fahd University of Petroleum Minerals, Dhahran, Saudi Arabia.<br>Research Areas:&nbsp; Commutative Algebra, Homological Algebra.<\/p>\n\n\n\n<p><strong>Dijana Mosi\u0107<\/strong> (<a href=\"mailto:dijana@pmf.ni.ac.rs\" data-type=\"mailto\" data-id=\"mailto:dijana@pmf.ni.ac.rs\" target=\"_blank\" rel=\"noreferrer noopener\">dijana@pmf.ni.ac.rs<\/a>)<br>Faculty of Sciences and Mathematics, University of Nis, Nis, Serbia.<br>Research Areas:&nbsp; Rings and Algebras, functional analysis, Operator theory, linear algebra.<\/p>\n\n\n\n<p><strong>Ali Mouhib&nbsp;<\/strong>(<a rel=\"noreferrer noopener\" href=\"mailto:ali.mouhib@usmba.ac.ma\" target=\"_blank\">ali.mouhib@usmba.ac.ma<\/a>)<br>University Sidi Mohamed Ben Abdellah, Polidisciplinary Faculty, Taza, Morocco.<br>Research Areas:&nbsp; Number Theory, Iwasawa Theory.<\/p>\n\n\n\n<p><strong>Moutu Abdou Salam Moutui&nbsp;<\/strong>(<a href=\"mailto:amoutu@stfx.ca\" target=\"_blank\" rel=\"noreferrer noopener\">amoutu@stfx.ca<\/a>)<br>Department of Mathematics and Statistics, St. Francis Xavier University Antigonish, Nova Scotia, Canada B2G 2W5.<br>Research Areas:&nbsp; Commutative ring extensions, Multiplicative Ideal Theory.<\/p>\n\n\n\n<p><strong>Abderrahmane Nitaj&nbsp;<\/strong>(<a rel=\"noreferrer noopener\" href=\"mailto:abderrahmane.nitaj@unicaen.fr\" target=\"_blank\">abderrahmane.nitaj@unicaen.fr<\/a>)<br>University of Caen Normandy, Caen Normandy, France.<br>Research Areas:&nbsp; Cryptography and Algorithmic,&nbsp; Number Theory.<\/p>\n\n\n\n<p><strong>Lahcen Oukhtite<\/strong> (<a href=\"mailto:lahcen.oukhtite@usmba.ac.ma\" data-type=\"mailto\" data-id=\"mailto:lahcen.oukhtite@usmba.ac.ma\" target=\"_blank\" rel=\"noreferrer noopener\">lahcen.oukhtite@usmba.ac.ma<\/a>)<br>University Sidi Mohamed Ben Abdellah, Fez, Morocco.<br>Research Areas: Commutativity &nbsp;and Structure of Rings and Near-rings, Functional Identities in rings and algebras, Graph theory.                     <\/p>\n\n\n\n<p><strong><strong>Manoj Kumar Patel<\/strong><\/strong> (<a href=\"mailto:mkpitb@gmail.com\" data-type=\"mailto\" data-id=\"mailto:mkpitb@gmail.com\" target=\"_blank\" rel=\"noreferrer noopener\">mkpitb@gmail.com<\/a>)<br>National Institute of Technology Nagaland, Chumukedima-797103, Nagaland, India.<br>Research Areas: Structures of Associative Rings and Modules.<\/p>\n\n\n\n<p><strong>Kulumani M. Rangaswamy <\/strong>(<a rel=\"noreferrer noopener\" href=\"mailto:krangasw@uccs.edu\" target=\"_blank\">krangasw@uccs.edu<\/a>)<br>Department of Mathematics, University of Colorado, Colorado Springs, Colorado, USA. <br>Research Areas: Abelian groups, Rings and Modules, Graph Algebras &#8211; Leavitt path algebras.<\/p>\n\n\n\n<p><strong>Masahisa Sato <\/strong>(<a rel=\"noreferrer noopener\" href=\"mailto:msato@yamanashi.ac.jp\" target=\"_blank\">msato@yamanashi.ac.jp<\/a>)<br>University of Yamanashi,&nbsp;Kofu, Yamanashi, Japan.<br>Research Areas: &nbsp;Theory of rings and modules, Representation theory of algebras&nbsp;and Theory of Categories with algebraic structure. <\/p>\n\n\n\n<p><strong>Mohammad Hasan Shahid <\/strong>(<a rel=\"noreferrer noopener\" href=\"mailto:mshahid@jmi.ac.in\" target=\"_blank\">mshahid@jmi.ac.in<\/a>)<br>Jamia Millia Islamia, New Delhi, India.<br>Research Areas: &nbsp;CR-Submanifolds, Riemannian submersions, Submanifolds of Statistical manifolds.                                                          <\/p>\n\n\n\n<p><strong>Boucha\u00efb Soda\u00efgui <\/strong>(<a rel=\"noreferrer noopener\" href=\"mailto:bouchaib.sodaigui@uphf.fr\" target=\"_blank\">bouchaib.sodaigui@uphf.fr<\/a>)<br>Universit\u00e9 Polytechnique Hauts-De-France, Valenciennes, France.<br>Research Areas: &nbsp;Algebraic Number Theory.                                                        <\/p>\n\n\n\n<p><strong>Ali Taherifar&nbsp;<\/strong>(<a href=\"mailto:ataherifar@yu.ac.ir\" target=\"_blank\" rel=\"noreferrer noopener\"><\/a><a href=\"mailto:ataherifar@yu.ac.ir\" target=\"_blank\" rel=\"noreferrer noopener\">ataherifar@yu.ac.ir<\/a>)<br>Department of mathematics Yasouj University, Yasouj, Iran.<br>Research Areas: &nbsp;General Topology, Algebraic Topology, Ring Theory, The Ring of Continuous Functions.<\/p>\n\n\n\n<p><strong>Mohammed Tamekkante&nbsp;<\/strong>(<a rel=\"noreferrer noopener\" href=\"mailto:m.tamekkante@umi.ac.ma\" target=\"_blank\">m.tamekkante@umi.ac.ma<\/a>)<br>University Moulay Ismail, Meknes, Morocco.<br>Research Areas: &nbsp;Commutative Algebra, Homological Algebra, non-Commutative Algebra, Graph Theory.<\/p>\n\n\n\n<p><strong>\u00dcnsal Tekir <\/strong>(<a rel=\"noreferrer noopener\" href=\"mailto:utekir@marmara.edu.tr\" target=\"_blank\">utekir@marmara.edu.tr<\/a>)<br>Department of Mathematics, Marmara University, Istanbul, Turkey.<br>Research Areas: &nbsp;Commutative Algebra, Associative Algebra, Semi group.<\/p>\n\n\n\n<p><strong>Rachid Tribak<\/strong> (<a rel=\"noreferrer noopener\" href=\"mailto:tribak12@yahoo.com\" target=\"_blank\">tribak12@yahoo.com<\/a>)<br>Centre R\u00e9gional des M\u00e9tiers de l&#8217;Education et de la Formation (CRMEF-TTH)-Tanger,&nbsp; Tangier, Morocco.<br>Research Areas: Theory of Rings and Modules.<\/p>\n\n\n\n<p><strong>Gabriel Eduard V\u00eelcu<\/strong> (<a rel=\"noreferrer noopener\" href=\"mailto:gvilcu@upg-ploiesti.ro\" target=\"_blank\">gvilcu@upg-ploiesti.ro<\/a>)<br>Petroleum-Gas University of Ploie\u015fti,&nbsp; Bulevardul Bucure\u015fti, Ploie\u015fti,&nbsp; Romania.<br>Research Areas: &nbsp;Differential&nbsp; Geometry, Submanifolds theory, Riemannian submersions,&nbsp; Harmonic maps,&nbsp; Mathematical economics,&nbsp; Physical mathematics, Computational geometry.<\/p>\n\n\n\n<p><strong>Mirjana Vukovi\u0107<\/strong> (<a rel=\"noreferrer noopener\" href=\"mailto:mvukovic@anubih.ba\" data-type=\"mailto\" data-id=\"mailto:mvukovic@anubih.ba\" target=\"_blank\">mvukovic@anubih.ba<\/a>)<br>Academy of Sciences and Arts of Bosnia and Herzegovina.        <br>Research Areas: Commutative algebra: graded structures. <\/p>\n\n\n\n<p><strong>Siamak Yassemi<\/strong> (<a href=\"mailto:yassemi@ut.ac.ir\" data-type=\"mailto\" data-id=\"mailto:yassemi@ut.ac.ir\" target=\"_blank\" rel=\"noreferrer noopener\">yassemi@ut.ac.ir<\/a>)<br>School of Mathematics, Statistics and Computer Science, College of Science, University of Tehran, Tehran, Iran. <br>Research Areas: &nbsp;Homological and Combinatorial methods in Commutative Algebra.<\/p>\n\n\n\n<p><strong>Mohamed Yousif<\/strong> (<a rel=\"noreferrer noopener\" href=\"mailto:yousif.1@osu.edu\" target=\"_blank\">yousif.1@osu.edu<\/a>)<br>The Ohio State University, Ohio, USA.        <br>Research Areas: &nbsp;Theory of Rings and Modules, Torsion Theory, Group Theory and Group Rings.               <\/p>\n\n\n\n<p><strong>Abdelkader Zekhnini<\/strong> (<a href=\"mailto:zekha1@yahoo.fr\" data-type=\"mailto\" data-id=\"mailto:zekha1@yahoo.fr\" target=\"_blank\" rel=\"noreferrer noopener\">zekha1@yahoo.fr<\/a> ; <a href=\"mailto:a.zekhnini@ump.ac.ma\" data-type=\"mailto\" data-id=\"mailto:a.zekhnini@ump.ac.ma\" target=\"_blank\" rel=\"noreferrer noopener\">a.zekhnini@ump.ac.ma<\/a>)<br>Mohamed First University, Oujda, Morocco. <br>Research Areas: &nbsp;Algebraic number theory.<\/p>\n\n\n\n<p><strong>Hassane Zguitti<\/strong> (<a href=\"mailto:hassane.zguitti@usmba.ac.ma\" data-type=\"mailto\" data-id=\"mailto:hassane.zguitti@usmba.ac.ma\" target=\"_blank\" rel=\"noreferrer noopener\"><\/a><a href=\"mailto:hassane.zguitti@usmba.ac.ma\" target=\"_blank\" rel=\"noreferrer noopener\">hassane.zguitti@usmba.ac.ma<\/a>&nbsp;)<br>University Sidi Mohamed Ben Abdellah, Fez, Morocco. <br>Research Areas: &nbsp;Rings and Algebras, Functional analysis, Operator theory, Linear algebra.<\/p>\n","protected":false},"excerpt":{"rendered":"<p>Editor-in-Chief Najib Mahdou (najib.mahdou@usmba.ac.ma)University Sidi Mohamed Ben Abdellah, Fez, Morocco. Deputy Editor Mohammed Tamekkante (m.tamekkante@umi.ac.ma)University Moulay Ismail, Meknes, Morocco. Managing Editors Adam Anebri (adam.anebri@uhp.ac.ma)Hassan First University, Settat, Morocco. Omar Ait Zemzami (o.aitzemzami@uiz.ac.ma)Ibn Zohr University, Agadir, Morocco. Technical Editor El Houssaine Oubouhou (hossineoubouhou@gmail.com)University Sidi Mohamed Ben Abdellah, Fez, Morocco. Editorial Board Mohamed Tahar Kadaoui Abbassi (mohamed.abbassi@usmba.ac.ma)University <a class=\"read-more-link\" href=\"https:\/\/ced.fst-usmba.ac.ma\/p\/mjaga\/editorial-board\/\">Read More<\/a><\/p>\n","protected":false},"author":1,"featured_media":0,"parent":0,"menu_order":0,"comment_status":"closed","ping_status":"closed","template":"","meta":{"footnotes":""},"class_list":["post-29","page","type-page","status-publish","hentry","entry"],"_links":{"self":[{"href":"https:\/\/ced.fst-usmba.ac.ma\/p\/mjaga\/wp-json\/wp\/v2\/pages\/29","targetHints":{"allow":["GET"]}}],"collection":[{"href":"https:\/\/ced.fst-usmba.ac.ma\/p\/mjaga\/wp-json\/wp\/v2\/pages"}],"about":[{"href":"https:\/\/ced.fst-usmba.ac.ma\/p\/mjaga\/wp-json\/wp\/v2\/types\/page"}],"author":[{"embeddable":true,"href":"https:\/\/ced.fst-usmba.ac.ma\/p\/mjaga\/wp-json\/wp\/v2\/users\/1"}],"replies":[{"embeddable":true,"href":"https:\/\/ced.fst-usmba.ac.ma\/p\/mjaga\/wp-json\/wp\/v2\/comments?post=29"}],"version-history":[{"count":114,"href":"https:\/\/ced.fst-usmba.ac.ma\/p\/mjaga\/wp-json\/wp\/v2\/pages\/29\/revisions"}],"predecessor-version":[{"id":3048,"href":"https:\/\/ced.fst-usmba.ac.ma\/p\/mjaga\/wp-json\/wp\/v2\/pages\/29\/revisions\/3048"}],"wp:attachment":[{"href":"https:\/\/ced.fst-usmba.ac.ma\/p\/mjaga\/wp-json\/wp\/v2\/media?parent=29"}],"curies":[{"name":"wp","href":"https:\/\/api.w.org\/{rel}","templated":true}]}}