{"id":1782,"date":"2023-06-14T18:29:59","date_gmt":"2023-06-14T18:29:59","guid":{"rendered":"https:\/\/ced.fst-usmba.ac.ma\/p\/mjaga\/?page_id=1782"},"modified":"2023-10-12T22:11:09","modified_gmt":"2023-10-12T22:11:09","slug":"moroccan-journal-of-algebra-and-geometry-with-applications-volume-2-issue-1-2023","status":"publish","type":"page","link":"https:\/\/ced.fst-usmba.ac.ma\/p\/mjaga\/moroccan-journal-of-algebra-and-geometry-with-applications-volume-2-issue-1-2023\/","title":{"rendered":"Moroccan Journal of Algebra and Geometry with Applications, Volume 2, Issue 1 (2023)"},"content":{"rendered":"\n<figure class=\"wp-block-table is-style-stripes has-large-font-size\"><table><tbody><tr><td class=\"has-text-align-center\" data-align=\"center\"><strong><a href=\"https:\/\/ced.fst-usmba.ac.ma\/p\/mjaga\/wp-content\/uploads\/2023\/10\/MJAGA_Vol-2_1_2023.pdf\" data-type=\"link\" data-id=\"https:\/\/ced.fst-usmba.ac.ma\/p\/mjaga\/wp-content\/uploads\/2023\/10\/MJAGA_Vol-2_1_2023.pdf\">Moroccan Journal of Algebra and Geometry with Applications, Volume 2, Issue 1 (2023)<\/a><\/strong><\/td><\/tr><\/tbody><\/table><\/figure>\n\n\n\n<div style=\"height:40px\" aria-hidden=\"true\" class=\"wp-block-spacer\"><\/div>\n\n\n\n<p style=\"font-size:19px\"><strong><a href=\"https:\/\/ced.fst-usmba.ac.ma\/p\/mjaga\/remembering-muhammad-zafrullah\/\" data-type=\"URL\" data-id=\"https:\/\/ced.fst-usmba.ac.ma\/p\/mjaga\/remembering-muhammad-zafrullah\/\">Remembering Muhammad Zafrullah<br><\/a><\/strong>Ayman Badawi<strong><br><\/strong><\/p>\n\n\n\n<hr class=\"wp-block-separator has-text-color has-foreground-color has-css-opacity has-foreground-background-color has-background is-style-wide\"\/>\n\n\n\n<p style=\"font-size:19px\"><strong><a href=\"https:\/\/ced.fst-usmba.ac.ma\/p\/mjaga\/on-the-possible-inequalities-involving-the-mean-the-median-and-themode-in-a-divisible-ordered-abelian-group\/\" data-type=\"URL\" data-id=\"https:\/\/ced.fst-usmba.ac.ma\/p\/mjaga\/on-the-possible-inequalities-involving-the-mean-the-median-and-themode-in-a-divisible-ordered-abelian-group\/\">On the possible inequalities involving the mean, the median and the mode in a divisible ordered abelian group<\/a><br><\/strong>David E. Dobbs<br>Pages: 1-13<\/p>\n\n\n\n<hr class=\"wp-block-separator has-text-color has-foreground-color has-css-opacity has-foreground-background-color has-background is-style-wide\"\/>\n\n\n\n<p style=\"font-size:19px\"><strong><a href=\"http:\/\/ced.fst-usmba.ac.ma\/p\/mjaga\/solutions-of-differential-equations-through-lie-symmetry-algebras\/\" data-type=\"URL\" data-id=\"http:\/\/ced.fst-usmba.ac.ma\/p\/mjaga\/solutions-of-differential-equations-through-lie-symmetry-algebras\/\">Solutions of differential equations through Lie symmetry algebras<\/a><\/strong><br>Abdelaziz Ouhadan and El Hassan Elkinani<br>Pages: 14-37<\/p>\n\n\n\n<hr class=\"wp-block-separator has-text-color has-foreground-color has-css-opacity has-foreground-background-color has-background is-style-wide\"\/>\n\n\n\n<p style=\"font-size:19px\"><strong><a href=\"https:\/\/ced.fst-usmba.ac.ma\/p\/mjaga\/when-two-definitions-of-an-additive-functor-of-commutative-algebras-agree\/\" data-type=\"URL\" data-id=\"https:\/\/ced.fst-usmba.ac.ma\/p\/mjaga\/when-two-definitions-of-an-additive-functor-of-commutative-algebras-agree\/\">When Two Definitions of an Additive Functor of Commutative Algebras Agree<\/a><\/strong><br>David E. Dobbs<br>Pages: 38-69<\/p>\n\n\n\n<hr class=\"wp-block-separator has-text-color has-foreground-color has-css-opacity has-foreground-background-color has-background is-style-wide\"\/>\n\n\n\n<p style=\"font-size:19px\"><a href=\"https:\/\/ced.fst-usmba.ac.ma\/p\/mjaga\/what-can-we-say-about-the-polya-groupof-a-bicyclic-biquadratic-number-field\/\" data-type=\"URL\" data-id=\"https:\/\/ced.fst-usmba.ac.ma\/p\/mjaga\/what-can-we-say-about-the-polya-groupof-a-bicyclic-biquadratic-number-field\/\"><strong>What can we say about the P\u00f3lya Group of a Bicyclic Biquadratic Number Field ?<\/strong><br><\/a>Jean-Luc Chabert<br>Pages: 70-82<\/p>\n\n\n\n<hr class=\"wp-block-separator has-text-color has-foreground-color has-css-opacity has-foreground-background-color has-background is-style-wide\"\/>\n\n\n\n<p style=\"font-size:19px\"><a href=\"https:\/\/ced.fst-usmba.ac.ma\/p\/mjaga\/note-on-bi-amalgamated-modules-along-ideals\/\" data-type=\"URL\" data-id=\"https:\/\/ced.fst-usmba.ac.ma\/p\/mjaga\/note-on-bi-amalgamated-modules-along-ideals\/\"><strong>Note on bi-Amalgamated modules along ideals<\/strong><br><\/a>Adam Anebri<br>Pages: 83-92<\/p>\n\n\n\n<hr class=\"wp-block-separator has-text-color has-foreground-color has-css-opacity has-foreground-background-color has-background is-style-wide\"\/>\n\n\n\n<p style=\"font-size:19px\"><a href=\"https:\/\/ced.fst-usmba.ac.ma\/p\/mjaga\/cohomology-of-units-and-z_2-torsion-of-the-cyclotomic-z_2-extension-ofsome-cm-fields\/\" data-type=\"URL\" data-id=\"https:\/\/ced.fst-usmba.ac.ma\/p\/mjaga\/cohomology-of-units-and-z_2-torsion-of-the-cyclotomic-z_2-extension-ofsome-cm-fields\/\"><strong>Cohomology of units and Z_2-torsion of the cyclotomic Z_2-extension of some CM fields<\/strong><br><\/a>Ali Mouhib<br>Pages: 93-107<\/p>\n\n\n\n<hr class=\"wp-block-separator has-text-color has-foreground-color has-css-opacity has-foreground-background-color has-background is-style-wide\"\/>\n\n\n\n<p style=\"font-size:19px\"><a href=\"https:\/\/ced.fst-usmba.ac.ma\/p\/mjaga\/\u03c0-dual-baer-modules-and-\u03c0-dual-baer-rings\/\" data-type=\"URL\" data-id=\"https:\/\/ced.fst-usmba.ac.ma\/p\/mjaga\/\u03c0-dual-baer-modules-and-\u03c0-dual-baer-rings\/\"><strong>\u03c0-dual Baer Modules and \u03c0-dual Baer Rings<\/strong><br><\/a>Derya Keskin T\u00fct\u00fcnc\u00fc and Rachid Tribak<br>Pages: 108-123<\/p>\n\n\n\n<hr class=\"wp-block-separator has-text-color has-foreground-color has-css-opacity has-foreground-background-color has-background is-style-wide\"\/>\n\n\n\n<p style=\"font-size:19px\"><a href=\"https:\/\/ced.fst-usmba.ac.ma\/p\/mjaga\/the-implications-among-the-three-classical-trigonometric-laws-of-hyperbolic-geometry\/\" data-type=\"URL\" data-id=\"https:\/\/ced.fst-usmba.ac.ma\/p\/mjaga\/the-implications-among-the-three-classical-trigonometric-laws-of-hyperbolic-geometry\/\"><strong>The implications among the three classical trigonometric laws of hyperbolic geometry<\/strong><br><\/a>David E. Dobbs<br>Pages: 124-142<\/p>\n\n\n\n<hr class=\"wp-block-separator has-text-color has-foreground-color has-css-opacity has-foreground-background-color has-background is-style-wide\"\/>\n\n\n\n<p style=\"font-size:19px\"><a href=\"https:\/\/ced.fst-usmba.ac.ma\/p\/mjaga\/on-\u03d5-nj-ideals-and-n-j-ideals-of-commutative-rings\/\" data-type=\"URL\" data-id=\"https:\/\/ced.fst-usmba.ac.ma\/p\/mjaga\/on-\u03d5-nj-ideals-and-n-j-ideals-of-commutative-rings\/\"><strong>On \u03d5-(n,J)-ideals and n-J-ideals of commutative rings<br><\/strong><\/a>Abdelhaq El Khalfi<br>Pages: 143-153<\/p>\n\n\n\n<hr class=\"wp-block-separator has-text-color has-foreground-color has-css-opacity has-foreground-background-color has-background is-style-wide\"\/>\n\n\n\n<p style=\"font-size:19px\"><a href=\"https:\/\/ced.fst-usmba.ac.ma\/p\/mjaga\/note-on-un-rings\/\" data-type=\"URL\" data-id=\"https:\/\/ced.fst-usmba.ac.ma\/p\/mjaga\/note-on-un-rings\/\"><strong>Note on UN-rings<br><\/strong><\/a>Abdeslam Mimouni<br>Pages: 154-161<\/p>\n\n\n\n<hr class=\"wp-block-separator has-text-color has-foreground-color has-css-opacity has-foreground-background-color has-background is-style-wide\"\/>\n\n\n\n<p style=\"font-size:19px\"><strong><a href=\"https:\/\/ced.fst-usmba.ac.ma\/p\/mjaga\/on-1-absorbing-prime-submodules\/\" data-type=\"URL\" data-id=\"https:\/\/ced.fst-usmba.ac.ma\/p\/mjaga\/on-1-absorbing-prime-submodules\/\">On 1-absorbing prime submodules<br><\/a><\/strong>Emel Aslankarayigit Ugurlu<br>Pages: 162-173<\/p>\n","protected":false},"excerpt":{"rendered":"<p>Moroccan Journal of Algebra and Geometry with Applications, Volume 2, Issue 1 (2023) Remembering Muhammad ZafrullahAyman Badawi On the possible inequalities involving the mean, the median and the mode in a divisible ordered abelian groupDavid E. DobbsPages: 1-13 Solutions of differential equations through Lie symmetry algebrasAbdelaziz Ouhadan and El Hassan ElkinaniPages: 14-37 When Two Definitions <a class=\"read-more-link\" href=\"https:\/\/ced.fst-usmba.ac.ma\/p\/mjaga\/moroccan-journal-of-algebra-and-geometry-with-applications-volume-2-issue-1-2023\/\">Read More<\/a><\/p>\n","protected":false},"author":1,"featured_media":0,"parent":0,"menu_order":0,"comment_status":"closed","ping_status":"closed","template":"","meta":{"footnotes":""},"class_list":["post-1782","page","type-page","status-publish","hentry","entry"],"_links":{"self":[{"href":"https:\/\/ced.fst-usmba.ac.ma\/p\/mjaga\/wp-json\/wp\/v2\/pages\/1782","targetHints":{"allow":["GET"]}}],"collection":[{"href":"https:\/\/ced.fst-usmba.ac.ma\/p\/mjaga\/wp-json\/wp\/v2\/pages"}],"about":[{"href":"https:\/\/ced.fst-usmba.ac.ma\/p\/mjaga\/wp-json\/wp\/v2\/types\/page"}],"author":[{"embeddable":true,"href":"https:\/\/ced.fst-usmba.ac.ma\/p\/mjaga\/wp-json\/wp\/v2\/users\/1"}],"replies":[{"embeddable":true,"href":"https:\/\/ced.fst-usmba.ac.ma\/p\/mjaga\/wp-json\/wp\/v2\/comments?post=1782"}],"version-history":[{"count":12,"href":"https:\/\/ced.fst-usmba.ac.ma\/p\/mjaga\/wp-json\/wp\/v2\/pages\/1782\/revisions"}],"predecessor-version":[{"id":1945,"href":"https:\/\/ced.fst-usmba.ac.ma\/p\/mjaga\/wp-json\/wp\/v2\/pages\/1782\/revisions\/1945"}],"wp:attachment":[{"href":"https:\/\/ced.fst-usmba.ac.ma\/p\/mjaga\/wp-json\/wp\/v2\/media?parent=1782"}],"curies":[{"name":"wp","href":"https:\/\/api.w.org\/{rel}","templated":true}]}}